{"id":136,"date":"2012-11-04T12:19:52","date_gmt":"2012-11-04T12:19:52","guid":{"rendered":"http:\/\/obcanskymonitoring.cz\/?page_id=136"},"modified":"2015-04-12T18:17:10","modified_gmt":"2015-04-12T18:17:10","slug":"kalendar","status":"publish","type":"page","link":"https:\/\/obcanskymonitoring.cz\/?page_id=136","title":{"rendered":"Pl\u00e1nujeme"},"content":{"rendered":"<p><a href=\"https:\/\/www.google.com\/calendar\/embed?src=obcanskymonitoring%40gmail.com\">Kalend\u00e1\u0159 Ob\u010dansk\u00e9ho monitoringu<\/a>. (Chyst\u00e1me lep\u0161\u00ed grafickou \u00fapravu, tak zat\u00edm alespo\u0148 takto funk\u010dn\u011b)<\/p>\n<div data-counters='1' data-style='square' data-size='regular' data-url='https:\/\/obcanskymonitoring.cz\/?page_id=136' data-title='Pl\u00e1nujeme' class='linksalpha_container linksalpha_app_3'><a href='\/\/www.linksalpha.com\/share?network='facebook' class='linksalpha_icon_facebook'><\/a><a href='\/\/www.linksalpha.com\/share?network='twitter' class='linksalpha_icon_twitter'><\/a><a href='\/\/www.linksalpha.com\/share?network='googleplus' class='linksalpha_icon_googleplus'><\/a><a href='\/\/www.linksalpha.com\/share?network='mail' class='linksalpha_icon_mail'><\/a><\/div><div data-position='' data-url='https:\/\/obcanskymonitoring.cz\/?page_id=136' data-title='Pl\u00e1nujeme' class='linksalpha_container linksalpha_app_7'><a href='\/\/www.linksalpha.com\/share?network='facebook' class='linksalpha_icon_facebook'><\/a><a href='\/\/www.linksalpha.com\/share?network='twitter' class='linksalpha_icon_twitter'><\/a><a href='\/\/www.linksalpha.com\/share?network='googleplus' class='linksalpha_icon_googleplus'><\/a><a href='\/\/www.linksalpha.com\/share?network='mail' class='linksalpha_icon_mail'><\/a><\/div>","protected":false},"excerpt":{"rendered":"<p>Kalend\u00e1\u0159 Ob\u010dansk\u00e9ho monitoringu. (Chyst\u00e1me lep\u0161\u00ed grafickou \u00fapravu, tak zat\u00edm alespo\u0148 takto funk\u010dn\u011b)<\/p>\n","protected":false},"author":1,"featured_media":0,"parent":0,"menu_order":0,"comment_status":"closed","ping_status":"closed","template":"","meta":[],"_links":{"self":[{"href":"https:\/\/obcanskymonitoring.cz\/index.php?rest_route=\/wp\/v2\/pages\/136"}],"collection":[{"href":"https:\/\/obcanskymonitoring.cz\/index.php?rest_route=\/wp\/v2\/pages"}],"about":[{"href":"https:\/\/obcanskymonitoring.cz\/index.php?rest_route=\/wp\/v2\/types\/page"}],"author":[{"embeddable":true,"href":"https:\/\/obcanskymonitoring.cz\/index.php?rest_route=\/wp\/v2\/users\/1"}],"replies":[{"embeddable":true,"href":"https:\/\/obcanskymonitoring.cz\/index.php?rest_route=%2Fwp%2Fv2%2Fcomments&post=136"}],"version-history":[{"count":0,"href":"https:\/\/obcanskymonitoring.cz\/index.php?rest_route=\/wp\/v2\/pages\/136\/revisions"}],"wp:attachment":[{"href":"https:\/\/obcanskymonitoring.cz\/index.php?rest_route=%2Fwp%2Fv2%2Fmedia&parent=136"}],"curies":[{"name":"wp","href":"https:\/\/api.w.org\/{rel}","templated":true}]}}